{"id":73,"date":"2020-08-25T12:34:29","date_gmt":"2020-08-25T10:34:29","guid":{"rendered":"http:\/\/ku-pharma.com\/?page_id=73"},"modified":"2022-11-28T08:12:13","modified_gmt":"2022-11-28T07:12:13","slug":"impressum","status":"publish","type":"page","link":"https:\/\/ku-pharma.com\/en\/impressum\/","title":{"rendered":"Imprint"},"content":{"rendered":"\t\t<div data-elementor-type=\"wp-page\" data-elementor-id=\"73\" class=\"elementor elementor-73\" data-elementor-post-type=\"page\">\n\t\t\t\t\t\t<section class=\"elementor-section elementor-top-section elementor-element elementor-element-703a8c2a elementor-section-content-bottom elementor-section-boxed elementor-section-height-default elementor-section-height-default\" data-id=\"703a8c2a\" data-element_type=\"section\" data-e-type=\"section\" data-settings=\"{&quot;background_background&quot;:&quot;classic&quot;,&quot;background_motion_fx_motion_fx_scrolling&quot;:&quot;yes&quot;,&quot;background_motion_fx_translateY_effect&quot;:&quot;yes&quot;,&quot;background_motion_fx_translateY_direction&quot;:&quot;negative&quot;,&quot;background_motion_fx_translateY_speed&quot;:{&quot;unit&quot;:&quot;px&quot;,&quot;size&quot;:4,&quot;sizes&quot;:[]},&quot;background_motion_fx_translateY_affectedRange&quot;:{&quot;unit&quot;:&quot;%&quot;,&quot;size&quot;:&quot;&quot;,&quot;sizes&quot;:{&quot;start&quot;:0,&quot;end&quot;:100}},&quot;background_motion_fx_devices&quot;:[&quot;desktop&quot;,&quot;tablet&quot;,&quot;mobile&quot;]}\">\n\t\t\t\t\t\t\t<div class=\"elementor-background-overlay\"><\/div>\n\t\t\t\t\t\t\t<div class=\"elementor-container elementor-column-gap-no\">\n\t\t\t\t\t<div class=\"elementor-column elementor-col-50 elementor-top-column elementor-element elementor-element-6d572d9b\" data-id=\"6d572d9b\" data-element_type=\"column\" data-e-type=\"column\">\n\t\t\t<div class=\"elementor-widget-wrap elementor-element-populated\">\n\t\t\t\t\t\t<div class=\"elementor-element elementor-element-94bac11 elementor-widget elementor-widget-image\" data-id=\"94bac11\" data-element_type=\"widget\" data-e-type=\"widget\" data-widget_type=\"image.default\">\n\t\t\t\t<div class=\"elementor-widget-container\">\n\t\t\t\t\t\t\t\t\t\t\t\t\t\t\t<img fetchpriority=\"high\" decoding=\"async\" width=\"768\" height=\"686\" src=\"https:\/\/ku-pharma.com\/wp-content\/uploads\/2020\/08\/TDK-768x686.png\" class=\"attachment-medium_large size-medium_large wp-image-12\" alt=\"Thomas und Daniela Krieger\" srcset=\"https:\/\/ku-pharma.com\/wp-content\/uploads\/2020\/08\/TDK-768x686.png 768w, https:\/\/ku-pharma.com\/wp-content\/uploads\/2020\/08\/TDK-300x268.png 300w, https:\/\/ku-pharma.com\/wp-content\/uploads\/2020\/08\/TDK.png 864w\" sizes=\"(max-width: 768px) 100vw, 768px\" \/>\t\t\t\t\t\t\t\t\t\t\t\t\t\t\t<\/div>\n\t\t\t\t<\/div>\n\t\t\t\t\t<\/div>\n\t\t<\/div>\n\t\t\t\t<div class=\"elementor-column elementor-col-50 elementor-top-column elementor-element elementor-element-4b308b11\" data-id=\"4b308b11\" data-element_type=\"column\" data-e-type=\"column\">\n\t\t\t<div class=\"elementor-widget-wrap elementor-element-populated\">\n\t\t\t\t\t\t<div class=\"elementor-element elementor-element-2392ec2 elementor-widget elementor-widget-image\" data-id=\"2392ec2\" data-element_type=\"widget\" data-e-type=\"widget\" data-widget_type=\"image.default\">\n\t\t\t\t<div class=\"elementor-widget-container\">\n\t\t\t\t\t\t\t\t\t\t\t\t\t\t\t\t<a href=\"https:\/\/ku-pharma.com\/\">\n\t\t\t\t\t\t\t<img decoding=\"async\" width=\"539\" height=\"261\" src=\"https:\/\/ku-pharma.com\/wp-content\/uploads\/2020\/08\/LOGO.png\" class=\"attachment-1536x1536 size-1536x1536 wp-image-13\" alt=\"\" srcset=\"https:\/\/ku-pharma.com\/wp-content\/uploads\/2020\/08\/LOGO.png 539w, https:\/\/ku-pharma.com\/wp-content\/uploads\/2020\/08\/LOGO-300x145.png 300w\" sizes=\"(max-width: 539px) 100vw, 539px\" \/>\t\t\t\t\t\t\t\t<\/a>\n\t\t\t\t\t\t\t\t\t\t\t\t\t\t\t<\/div>\n\t\t\t\t<\/div>\n\t\t\t\t<div class=\"elementor-element elementor-element-4489c7c3 elementor-widget elementor-widget-heading\" data-id=\"4489c7c3\" data-element_type=\"widget\" data-e-type=\"widget\" data-widget_type=\"heading.default\">\n\t\t\t\t<div class=\"elementor-widget-container\">\n\t\t\t\t\t<h1 class=\"elementor-heading-title elementor-size-default\">Komplement\u00e4re Beratung<\/h1>\t\t\t\t<\/div>\n\t\t\t\t<\/div>\n\t\t\t\t<div class=\"elementor-element elementor-element-4b337af4 elementor-widget elementor-widget-heading\" data-id=\"4b337af4\" data-element_type=\"widget\" data-e-type=\"widget\" data-widget_type=\"heading.default\">\n\t\t\t\t<div class=\"elementor-widget-container\">\n\t\t\t\t\t<h2 class=\"elementor-heading-title elementor-size-default\">f\u00fcr QUALIT\u00c4T, ARBEITSSICHERHEIT\n<br>und WIRTSCHAFTLICHKEIT.<br><br>Mit WERTSCH\u00c4TZUNG. <br>Weil es um MENSCHEN geht.<\/h2>\t\t\t\t<\/div>\n\t\t\t\t<\/div>\n\t\t\t\t\t<\/div>\n\t\t<\/div>\n\t\t\t\t\t<\/div>\n\t\t<\/section>\n\t\t\t\t<section class=\"elementor-section elementor-top-section elementor-element elementor-element-3768939a elementor-section-content-middle elementor-section-boxed elementor-section-height-default elementor-section-height-default\" data-id=\"3768939a\" data-element_type=\"section\" data-e-type=\"section\">\n\t\t\t\t\t\t<div class=\"elementor-container elementor-column-gap-no\">\n\t\t\t\t\t<div class=\"elementor-column elementor-col-100 elementor-top-column elementor-element elementor-element-66595074\" data-id=\"66595074\" data-element_type=\"column\" data-e-type=\"column\">\n\t\t\t<div class=\"elementor-widget-wrap elementor-element-populated\">\n\t\t\t\t\t\t<div class=\"elementor-element elementor-element-48167a13 elementor-widget elementor-widget-heading\" data-id=\"48167a13\" data-element_type=\"widget\" data-e-type=\"widget\" data-widget_type=\"heading.default\">\n\t\t\t\t<div class=\"elementor-widget-container\">\n\t\t\t\t\t<h4 class=\"elementor-heading-title elementor-size-default\">Impressum<\/h4>\t\t\t\t<\/div>\n\t\t\t\t<\/div>\n\t\t\t\t<div class=\"elementor-element elementor-element-61aa5507 elementor-widget elementor-widget-text-editor\" data-id=\"61aa5507\" data-element_type=\"widget\" data-e-type=\"widget\" data-widget_type=\"text-editor.default\">\n\t\t\t\t<div class=\"elementor-widget-container\">\n\t\t\t\t\t\t\t\t\t<p style=\"text-align: left;\">Verantwortlich nach \u00a7 5 TMG (Telemediengesetz) ist:<\/p><p style=\"text-align: left;\"><strong>KU-Pharma, Unternehmensberatung<\/strong><\/p><p style=\"text-align: left;\"><strong>Dr. Thomas Krieger<\/strong><br \/><strong>Fuchsgasse 7<\/strong><br \/><strong>76547 Sinzheim<\/strong><br \/><strong>Deutschland<\/strong><\/p><div style=\"text-align: left;\"><p>Telefon: \u00a0 +49 7221 3965970<br \/><span style=\"font-size: 16px; text-align: center;\">Mobil: \u00a0 \u00a0\u00a0 +49 173 6568839<br \/><\/span><span style=\"font-size: 16px; text-align: center;\">Internet:\u00a0 \u00a0www.ku-pharma.de; www.ku-pharma.com<br \/><\/span><span style=\"font-size: 16px; text-align: center;\">E-Mail: \u00a0 \u00a0 krieger@ku-pharma.de<br \/><\/span><\/p><p>Umsatzsteuer-ID: DE265277352<\/p><\/div><p style=\"text-align: left;\">Die Inhalte des Internetauftritts wurden mit gr\u00f6\u00dftm\u00f6glicher Sorgfalt und nach bestem Wissen erstellt.\u00a0Dennoch \u00fcbernehmen wir keine Gew\u00e4hr f\u00fcr die Aktualit\u00e4t, Vollst\u00e4ndigkeit und Richtigkeit der bereitgestellten Seiten und Inhalte.<\/p><div style=\"text-align: left;\"><p>Sollte Ihnen ein Fehler auffallen, informieren sie uns gern.<br \/><span style=\"font-size: 16px; text-align: center;\">Wir k\u00fcmmern uns schnellstm\u00f6glich.<\/span><\/p><\/div><p style=\"text-align: left;\">\u00a0<\/p>\t\t\t\t\t\t\t\t<\/div>\n\t\t\t\t<\/div>\n\t\t\t\t\t<\/div>\n\t\t<\/div>\n\t\t\t\t\t<\/div>\n\t\t<\/section>\n\t\t\t\t<section class=\"elementor-section elementor-top-section elementor-element elementor-element-4d011ecb elementor-section-height-min-height elementor-section-content-middle elementor-section-boxed elementor-section-height-default elementor-section-items-middle\" data-id=\"4d011ecb\" data-element_type=\"section\" data-e-type=\"section\" data-settings=\"{&quot;background_background&quot;:&quot;classic&quot;}\">\n\t\t\t\t\t\t<div class=\"elementor-container elementor-column-gap-no\">\n\t\t\t\t\t<div class=\"elementor-column elementor-col-100 elementor-top-column elementor-element elementor-element-15b404ab\" data-id=\"15b404ab\" data-element_type=\"column\" data-e-type=\"column\">\n\t\t\t<div class=\"elementor-widget-wrap elementor-element-populated\">\n\t\t\t\t\t\t<div class=\"elementor-element elementor-element-3cd002b0 elementor-widget elementor-widget-heading\" data-id=\"3cd002b0\" data-element_type=\"widget\" data-e-type=\"widget\" data-widget_type=\"heading.default\">\n\t\t\t\t<div class=\"elementor-widget-container\">\n\t\t\t\t\t<h2 class=\"elementor-heading-title elementor-size-default\"><b>Kontakt<\/b><\/h2>\t\t\t\t<\/div>\n\t\t\t\t<\/div>\n\t\t\t\t<section class=\"elementor-section elementor-inner-section elementor-element elementor-element-83b99ec elementor-section-content-middle elementor-section-boxed elementor-section-height-default elementor-section-height-default\" data-id=\"83b99ec\" data-element_type=\"section\" data-e-type=\"section\">\n\t\t\t\t\t\t<div class=\"elementor-container elementor-column-gap-no\">\n\t\t\t\t\t<div class=\"elementor-column elementor-col-50 elementor-inner-column elementor-element elementor-element-6256177d\" data-id=\"6256177d\" data-element_type=\"column\" data-e-type=\"column\">\n\t\t\t<div class=\"elementor-widget-wrap elementor-element-populated\">\n\t\t\t\t\t\t<div class=\"elementor-element elementor-element-98ab799 elementor-widget elementor-widget-global elementor-global-129 elementor-widget-heading\" data-id=\"98ab799\" data-element_type=\"widget\" data-e-type=\"widget\" data-widget_type=\"heading.default\">\n\t\t\t\t<div class=\"elementor-widget-container\">\n\t\t\t\t\t<h6 class=\"elementor-heading-title elementor-size-default\">Telefon:  +49 7221 3965970\n<br>\nMobil:    +49 173 6568839\n<br>\nE-mail: krieger@ku-pharma.de<\/h6>\t\t\t\t<\/div>\n\t\t\t\t<\/div>\n\t\t\t\t\t<\/div>\n\t\t<\/div>\n\t\t\t\t<div class=\"elementor-column elementor-col-50 elementor-inner-column elementor-element elementor-element-64608bf\" data-id=\"64608bf\" data-element_type=\"column\" data-e-type=\"column\">\n\t\t\t<div class=\"elementor-widget-wrap elementor-element-populated\">\n\t\t\t\t\t\t<div class=\"elementor-element elementor-element-6d9b5402 elementor-widget elementor-widget-heading\" data-id=\"6d9b5402\" data-element_type=\"widget\" data-e-type=\"widget\" data-widget_type=\"heading.default\">\n\t\t\t\t<div class=\"elementor-widget-container\">\n\t\t\t\t\t<h6 class=\"elementor-heading-title elementor-size-default\">KU-Pharma\n<br>\nDr. Thomas Krieger\n<br>\nFuchsgasse 7\n<br>\n76547 Sinzheim<\/h6>\t\t\t\t<\/div>\n\t\t\t\t<\/div>\n\t\t\t\t\t<\/div>\n\t\t<\/div>\n\t\t\t\t\t<\/div>\n\t\t<\/section>\n\t\t\t\t<div class=\"elementor-element elementor-element-6806d375 elementor-widget-divider--view-line elementor-widget elementor-widget-divider\" data-id=\"6806d375\" data-element_type=\"widget\" data-e-type=\"widget\" data-widget_type=\"divider.default\">\n\t\t\t\t<div class=\"elementor-widget-container\">\n\t\t\t\t\t\t\t<div class=\"elementor-divider\">\n\t\t\t<span class=\"elementor-divider-separator\">\n\t\t\t\t\t\t<\/span>\n\t\t<\/div>\n\t\t\t\t\t\t<\/div>\n\t\t\t\t<\/div>\n\t\t\t\t<section class=\"elementor-section elementor-inner-section elementor-element elementor-element-413a5268 elementor-section-boxed elementor-section-height-default elementor-section-height-default\" data-id=\"413a5268\" data-element_type=\"section\" data-e-type=\"section\">\n\t\t\t\t\t\t<div class=\"elementor-container elementor-column-gap-default\">\n\t\t\t\t\t<div class=\"elementor-column elementor-col-50 elementor-inner-column elementor-element elementor-element-61611281\" data-id=\"61611281\" data-element_type=\"column\" data-e-type=\"column\">\n\t\t\t<div class=\"elementor-widget-wrap elementor-element-populated\">\n\t\t\t\t\t\t<div class=\"elementor-element elementor-element-6810fd8a elementor-widget elementor-widget-text-editor\" data-id=\"6810fd8a\" data-element_type=\"widget\" data-e-type=\"widget\" data-widget_type=\"text-editor.default\">\n\t\t\t\t<div class=\"elementor-widget-container\">\n\t\t\t\t\t\t\t\t\t<a href=\"https:\/\/ku-pharma.com\/\">Home<\/a><br>\n<a href=\"https:\/\/ku-pharma.com\/impressum\/\">Impressum\u00a0<\/a><br>\n<a href=\"https:\/\/ku-pharma.com\/\/datenschutzerklaerung\/\">Datenschutzerkl\u00e4rung<\/a>\t\t\t\t\t\t\t\t<\/div>\n\t\t\t\t<\/div>\n\t\t\t\t\t<\/div>\n\t\t<\/div>\n\t\t\t\t<div class=\"elementor-column elementor-col-50 elementor-inner-column elementor-element elementor-element-4843a49d\" data-id=\"4843a49d\" data-element_type=\"column\" data-e-type=\"column\">\n\t\t\t<div class=\"elementor-widget-wrap\">\n\t\t\t\t\t\t\t<\/div>\n\t\t<\/div>\n\t\t\t\t\t<\/div>\n\t\t<\/section>\n\t\t\t\t\t<\/div>\n\t\t<\/div>\n\t\t\t\t\t<\/div>\n\t\t<\/section>\n\t\t\t\t<\/div>\n\t\t","protected":false},"excerpt":{"rendered":"<p>Komplement\u00e4re Beratung f\u00fcr QUALIT\u00c4T, ARBEITSSICHERHEIT und WIRTSCHAFTLICHKEIT. Mit WERTSCH\u00c4TZUNG. Weil es um MENSCHEN geht. Impressum Verantwortlich nach \u00a7 5 TMG (Telemediengesetz) ist: KU-Pharma, Unternehmensberatung Dr. Thomas KriegerFuchsgasse 776547 SinzheimDeutschland Telefon: \u00a0 +49 7221 3965970Mobil: \u00a0 \u00a0\u00a0 +49 173 6568839Internet:\u00a0 \u00a0www.ku-pharma.de; www.ku-pharma.comE-Mail: \u00a0 \u00a0 krieger@ku-pharma.de Umsatzsteuer-ID: DE265277352 Die Inhalte des Internetauftritts wurden mit gr\u00f6\u00dftm\u00f6glicher Sorgfalt und [&hellip;]<\/p>\n","protected":false},"author":1,"featured_media":0,"parent":0,"menu_order":0,"comment_status":"closed","ping_status":"closed","template":"","meta":{"ocean_post_layout":"full-screen","ocean_both_sidebars_style":"","ocean_both_sidebars_content_width":0,"ocean_both_sidebars_sidebars_width":0,"ocean_sidebar":"0","ocean_second_sidebar":"0","ocean_disable_margins":"enable","ocean_add_body_class":"","ocean_shortcode_before_top_bar":"","ocean_shortcode_after_top_bar":"","ocean_shortcode_before_header":"","ocean_shortcode_after_header":"","ocean_has_shortcode":"","ocean_shortcode_after_title":"","ocean_shortcode_before_footer_widgets":"","ocean_shortcode_after_footer_widgets":"","ocean_shortcode_before_footer_bottom":"","ocean_shortcode_after_footer_bottom":"","ocean_display_top_bar":"off","ocean_display_header":"off","ocean_header_style":"","ocean_center_header_left_menu":"0","ocean_custom_header_template":"0","ocean_custom_logo":0,"ocean_custom_retina_logo":0,"ocean_custom_logo_max_width":0,"ocean_custom_logo_tablet_max_width":0,"ocean_custom_logo_mobile_max_width":0,"ocean_custom_logo_max_height":0,"ocean_custom_logo_tablet_max_height":0,"ocean_custom_logo_mobile_max_height":0,"ocean_header_custom_menu":"0","ocean_menu_typo_font_family":"0","ocean_menu_typo_font_subset":"","ocean_menu_typo_font_size":0,"ocean_menu_typo_font_size_tablet":0,"ocean_menu_typo_font_size_mobile":0,"ocean_menu_typo_font_size_unit":"px","ocean_menu_typo_font_weight":"","ocean_menu_typo_font_weight_tablet":"","ocean_menu_typo_font_weight_mobile":"","ocean_menu_typo_transform":"","ocean_menu_typo_transform_tablet":"","ocean_menu_typo_transform_mobile":"","ocean_menu_typo_line_height":0,"ocean_menu_typo_line_height_tablet":0,"ocean_menu_typo_line_height_mobile":0,"ocean_menu_typo_line_height_unit":"","ocean_menu_typo_spacing":0,"ocean_menu_typo_spacing_tablet":0,"ocean_menu_typo_spacing_mobile":0,"ocean_menu_typo_spacing_unit":"","ocean_menu_link_color":"","ocean_menu_link_color_hover":"","ocean_menu_link_color_active":"","ocean_menu_link_background":"","ocean_menu_link_hover_background":"","ocean_menu_link_active_background":"","ocean_menu_social_links_bg":"","ocean_menu_social_hover_links_bg":"","ocean_menu_social_links_color":"","ocean_menu_social_hover_links_color":"","ocean_disable_title":"on","ocean_disable_heading":"default","ocean_post_title":"","ocean_post_subheading":"","ocean_post_title_style":"","ocean_post_title_background_color":"","ocean_post_title_background":0,"ocean_post_title_bg_image_position":"","ocean_post_title_bg_image_attachment":"","ocean_post_title_bg_image_repeat":"","ocean_post_title_bg_image_size":"","ocean_post_title_height":0,"ocean_post_title_bg_overlay":0.5,"ocean_post_title_bg_overlay_color":"","ocean_disable_breadcrumbs":"default","ocean_breadcrumbs_color":"","ocean_breadcrumbs_separator_color":"","ocean_breadcrumbs_links_color":"","ocean_breadcrumbs_links_hover_color":"","ocean_display_footer_widgets":"off","ocean_display_footer_bottom":"off","ocean_custom_footer_template":"0","footnotes":""},"class_list":["post-73","page","type-page","status-publish","hentry","entry"],"yoast_head":"<!-- This site is optimized with the Yoast SEO plugin v27.5 - https:\/\/yoast.com\/product\/yoast-seo-wordpress\/ -->\n<title>Impressum - Krieger Unternehmensberatung Pharma<\/title>\n<meta name=\"robots\" content=\"index, follow, max-snippet:-1, max-image-preview:large, max-video-preview:-1\" \/>\n<link rel=\"canonical\" href=\"https:\/\/ku-pharma.com\/en\/impressum\/\" \/>\n<meta property=\"og:locale\" content=\"en_GB\" \/>\n<meta property=\"og:type\" content=\"article\" \/>\n<meta property=\"og:title\" content=\"Impressum - Krieger Unternehmensberatung Pharma\" \/>\n<meta property=\"og:description\" content=\"Komplement\u00e4re Beratung f\u00fcr QUALIT\u00c4T, ARBEITSSICHERHEIT und WIRTSCHAFTLICHKEIT. Mit WERTSCH\u00c4TZUNG. Weil es um MENSCHEN geht. Impressum Verantwortlich nach \u00a7 5 TMG (Telemediengesetz) ist: KU-Pharma, Unternehmensberatung Dr. Thomas KriegerFuchsgasse 776547 SinzheimDeutschland Telefon: \u00a0 +49 7221 3965970Mobil: \u00a0 \u00a0\u00a0 +49 173 6568839Internet:\u00a0 \u00a0www.ku-pharma.de; www.ku-pharma.comE-Mail: \u00a0 \u00a0 krieger@ku-pharma.de Umsatzsteuer-ID: DE265277352 Die Inhalte des Internetauftritts wurden mit gr\u00f6\u00dftm\u00f6glicher Sorgfalt und [&hellip;]\" \/>\n<meta property=\"og:url\" content=\"https:\/\/ku-pharma.com\/en\/impressum\/\" \/>\n<meta property=\"og:site_name\" content=\"Krieger Unternehmensberatung Pharma\" \/>\n<meta property=\"article:modified_time\" content=\"2022-11-28T07:12:13+00:00\" \/>\n<meta property=\"og:image\" content=\"https:\/\/ku-pharma.com\/wp-content\/uploads\/2020\/08\/TDK-768x686.png\" \/>\n<meta name=\"twitter:card\" content=\"summary_large_image\" \/>\n<script type=\"application\/ld+json\" class=\"yoast-schema-graph\">{\"@context\":\"https:\\\/\\\/schema.org\",\"@graph\":[{\"@type\":\"WebPage\",\"@id\":\"https:\\\/\\\/ku-pharma.com\\\/impressum\\\/\",\"url\":\"https:\\\/\\\/ku-pharma.com\\\/impressum\\\/\",\"name\":\"Impressum - Krieger Unternehmensberatung Pharma\",\"isPartOf\":{\"@id\":\"https:\\\/\\\/ku-pharma.com\\\/#website\"},\"primaryImageOfPage\":{\"@id\":\"https:\\\/\\\/ku-pharma.com\\\/impressum\\\/#primaryimage\"},\"image\":{\"@id\":\"https:\\\/\\\/ku-pharma.com\\\/impressum\\\/#primaryimage\"},\"thumbnailUrl\":\"https:\\\/\\\/ku-pharma.com\\\/wp-content\\\/uploads\\\/2020\\\/08\\\/TDK-768x686.png\",\"datePublished\":\"2020-08-25T10:34:29+00:00\",\"dateModified\":\"2022-11-28T07:12:13+00:00\",\"breadcrumb\":{\"@id\":\"https:\\\/\\\/ku-pharma.com\\\/impressum\\\/#breadcrumb\"},\"inLanguage\":\"en-GB\",\"potentialAction\":[{\"@type\":\"ReadAction\",\"target\":[\"https:\\\/\\\/ku-pharma.com\\\/impressum\\\/\"]}]},{\"@type\":\"ImageObject\",\"inLanguage\":\"en-GB\",\"@id\":\"https:\\\/\\\/ku-pharma.com\\\/impressum\\\/#primaryimage\",\"url\":\"https:\\\/\\\/ku-pharma.com\\\/wp-content\\\/uploads\\\/2020\\\/08\\\/TDK-768x686.png\",\"contentUrl\":\"https:\\\/\\\/ku-pharma.com\\\/wp-content\\\/uploads\\\/2020\\\/08\\\/TDK-768x686.png\"},{\"@type\":\"BreadcrumbList\",\"@id\":\"https:\\\/\\\/ku-pharma.com\\\/impressum\\\/#breadcrumb\",\"itemListElement\":[{\"@type\":\"ListItem\",\"position\":1,\"name\":\"Startseite\",\"item\":\"https:\\\/\\\/ku-pharma.com\\\/\"},{\"@type\":\"ListItem\",\"position\":2,\"name\":\"Impressum\"}]},{\"@type\":\"WebSite\",\"@id\":\"https:\\\/\\\/ku-pharma.com\\\/#website\",\"url\":\"https:\\\/\\\/ku-pharma.com\\\/\",\"name\":\"Krieger Unternehmensberatung Pharma\",\"description\":\"Komplement\u00e4re Beratung\u200b f\u00fcr QUALIT\u00c4T, ARBEITSSICHERHEIT  und WIRTSCHAFTLICHKEIT.  Mit WERTSCH\u00c4TZUNG.  Weil es um MENSCHEN geht.\u200b\",\"publisher\":{\"@id\":\"https:\\\/\\\/ku-pharma.com\\\/#organization\"},\"potentialAction\":[{\"@type\":\"SearchAction\",\"target\":{\"@type\":\"EntryPoint\",\"urlTemplate\":\"https:\\\/\\\/ku-pharma.com\\\/?s={search_term_string}\"},\"query-input\":{\"@type\":\"PropertyValueSpecification\",\"valueRequired\":true,\"valueName\":\"search_term_string\"}}],\"inLanguage\":\"en-GB\"},{\"@type\":\"Organization\",\"@id\":\"https:\\\/\\\/ku-pharma.com\\\/#organization\",\"name\":\"KU-Pharma\",\"url\":\"https:\\\/\\\/ku-pharma.com\\\/\",\"logo\":{\"@type\":\"ImageObject\",\"inLanguage\":\"en-GB\",\"@id\":\"https:\\\/\\\/ku-pharma.com\\\/#\\\/schema\\\/logo\\\/image\\\/\",\"url\":\"https:\\\/\\\/ku-pharma.com\\\/wp-content\\\/uploads\\\/2020\\\/08\\\/LOGO.png\",\"contentUrl\":\"https:\\\/\\\/ku-pharma.com\\\/wp-content\\\/uploads\\\/2020\\\/08\\\/LOGO.png\",\"width\":539,\"height\":261,\"caption\":\"KU-Pharma\"},\"image\":{\"@id\":\"https:\\\/\\\/ku-pharma.com\\\/#\\\/schema\\\/logo\\\/image\\\/\"}}]}<\/script>\n<!-- \/ Yoast SEO plugin. -->","yoast_head_json":{"title":"Impressum - Krieger Unternehmensberatung Pharma","robots":{"index":"index","follow":"follow","max-snippet":"max-snippet:-1","max-image-preview":"max-image-preview:large","max-video-preview":"max-video-preview:-1"},"canonical":"https:\/\/ku-pharma.com\/en\/impressum\/","og_locale":"en_GB","og_type":"article","og_title":"Impressum - Krieger Unternehmensberatung Pharma","og_description":"Komplement\u00e4re Beratung f\u00fcr QUALIT\u00c4T, ARBEITSSICHERHEIT und WIRTSCHAFTLICHKEIT. Mit WERTSCH\u00c4TZUNG. Weil es um MENSCHEN geht. Impressum Verantwortlich nach \u00a7 5 TMG (Telemediengesetz) ist: KU-Pharma, Unternehmensberatung Dr. Thomas KriegerFuchsgasse 776547 SinzheimDeutschland Telefon: \u00a0 +49 7221 3965970Mobil: \u00a0 \u00a0\u00a0 +49 173 6568839Internet:\u00a0 \u00a0www.ku-pharma.de; www.ku-pharma.comE-Mail: \u00a0 \u00a0 krieger@ku-pharma.de Umsatzsteuer-ID: DE265277352 Die Inhalte des Internetauftritts wurden mit gr\u00f6\u00dftm\u00f6glicher Sorgfalt und [&hellip;]","og_url":"https:\/\/ku-pharma.com\/en\/impressum\/","og_site_name":"Krieger Unternehmensberatung Pharma","article_modified_time":"2022-11-28T07:12:13+00:00","og_image":[{"url":"https:\/\/ku-pharma.com\/wp-content\/uploads\/2020\/08\/TDK-768x686.png","type":"","width":"","height":""}],"twitter_card":"summary_large_image","schema":{"@context":"https:\/\/schema.org","@graph":[{"@type":"WebPage","@id":"https:\/\/ku-pharma.com\/impressum\/","url":"https:\/\/ku-pharma.com\/impressum\/","name":"Impressum - Krieger Unternehmensberatung Pharma","isPartOf":{"@id":"https:\/\/ku-pharma.com\/#website"},"primaryImageOfPage":{"@id":"https:\/\/ku-pharma.com\/impressum\/#primaryimage"},"image":{"@id":"https:\/\/ku-pharma.com\/impressum\/#primaryimage"},"thumbnailUrl":"https:\/\/ku-pharma.com\/wp-content\/uploads\/2020\/08\/TDK-768x686.png","datePublished":"2020-08-25T10:34:29+00:00","dateModified":"2022-11-28T07:12:13+00:00","breadcrumb":{"@id":"https:\/\/ku-pharma.com\/impressum\/#breadcrumb"},"inLanguage":"en-GB","potentialAction":[{"@type":"ReadAction","target":["https:\/\/ku-pharma.com\/impressum\/"]}]},{"@type":"ImageObject","inLanguage":"en-GB","@id":"https:\/\/ku-pharma.com\/impressum\/#primaryimage","url":"https:\/\/ku-pharma.com\/wp-content\/uploads\/2020\/08\/TDK-768x686.png","contentUrl":"https:\/\/ku-pharma.com\/wp-content\/uploads\/2020\/08\/TDK-768x686.png"},{"@type":"BreadcrumbList","@id":"https:\/\/ku-pharma.com\/impressum\/#breadcrumb","itemListElement":[{"@type":"ListItem","position":1,"name":"Startseite","item":"https:\/\/ku-pharma.com\/"},{"@type":"ListItem","position":2,"name":"Impressum"}]},{"@type":"WebSite","@id":"https:\/\/ku-pharma.com\/#website","url":"https:\/\/ku-pharma.com\/","name":"Krieger Unternehmensberatung Pharma","description":"Komplement\u00e4re Beratung\u200b f\u00fcr QUALIT\u00c4T, ARBEITSSICHERHEIT  und WIRTSCHAFTLICHKEIT.  Mit WERTSCH\u00c4TZUNG.  Weil es um MENSCHEN geht.\u200b","publisher":{"@id":"https:\/\/ku-pharma.com\/#organization"},"potentialAction":[{"@type":"SearchAction","target":{"@type":"EntryPoint","urlTemplate":"https:\/\/ku-pharma.com\/?s={search_term_string}"},"query-input":{"@type":"PropertyValueSpecification","valueRequired":true,"valueName":"search_term_string"}}],"inLanguage":"en-GB"},{"@type":"Organization","@id":"https:\/\/ku-pharma.com\/#organization","name":"KU-Pharma","url":"https:\/\/ku-pharma.com\/","logo":{"@type":"ImageObject","inLanguage":"en-GB","@id":"https:\/\/ku-pharma.com\/#\/schema\/logo\/image\/","url":"https:\/\/ku-pharma.com\/wp-content\/uploads\/2020\/08\/LOGO.png","contentUrl":"https:\/\/ku-pharma.com\/wp-content\/uploads\/2020\/08\/LOGO.png","width":539,"height":261,"caption":"KU-Pharma"},"image":{"@id":"https:\/\/ku-pharma.com\/#\/schema\/logo\/image\/"}}]}},"_links":{"self":[{"href":"https:\/\/ku-pharma.com\/en\/wp-json\/wp\/v2\/pages\/73","targetHints":{"allow":["GET"]}}],"collection":[{"href":"https:\/\/ku-pharma.com\/en\/wp-json\/wp\/v2\/pages"}],"about":[{"href":"https:\/\/ku-pharma.com\/en\/wp-json\/wp\/v2\/types\/page"}],"author":[{"embeddable":true,"href":"https:\/\/ku-pharma.com\/en\/wp-json\/wp\/v2\/users\/1"}],"replies":[{"embeddable":true,"href":"https:\/\/ku-pharma.com\/en\/wp-json\/wp\/v2\/comments?post=73"}],"version-history":[{"count":31,"href":"https:\/\/ku-pharma.com\/en\/wp-json\/wp\/v2\/pages\/73\/revisions"}],"predecessor-version":[{"id":320,"href":"https:\/\/ku-pharma.com\/en\/wp-json\/wp\/v2\/pages\/73\/revisions\/320"}],"wp:attachment":[{"href":"https:\/\/ku-pharma.com\/en\/wp-json\/wp\/v2\/media?parent=73"}],"curies":[{"name":"wp","href":"https:\/\/api.w.org\/{rel}","templated":true}]}}